{"id":658,"date":"2024-08-06T16:25:11","date_gmt":"2024-08-06T14:25:11","guid":{"rendered":"https:\/\/www.geistesgegenwart.at\/?page_id=658"},"modified":"2025-10-06T13:12:17","modified_gmt":"2025-10-06T11:12:17","slug":"agb","status":"publish","type":"page","link":"https:\/\/www.geistesgegenwart.at\/index.php\/agb\/","title":{"rendered":"AGB"},"content":{"rendered":"<p>  <a href=\"https:\/\/www.geistesgegenwart.at\" data-id-d=\"2\" data-img-style=\"width: 100%;\"><img loading=\"lazy\" decoding=\"async\" src=\"https:\/\/www.geistesgegenwart.at\/wp-content\/uploads\/2024\/03\/Black-Ivory-Minimalist-Handwritten-Wedding-Photography-Circle-Logo.png\" height=\"1000\" width=\"1000\" alt=\"\" style=\"width: 100%;\"><\/img><\/a><\/p>\n<p style=\"text-align: left;\"><strong>SIBYLLE LAMATSCH<\/strong><\/p>\n<p> <a href=\"#\">   <\/a> <\/p>\n<ul id=\"m-18e8908752c\" data-iid=\"13\" style=\"z-index: 13;\">\n<li data-id=\"1\" data-item-display-desktop=\"text\" style=\"\"> <a href=\"https:\/\/www.geistesgegenwart.at\"> <span>HOME<\/span><\/a> <\/li>\n<li data-id=\"4\" data-item-display-desktop=\"text\" style=\"\"> <a href=\"\"> <span>ANGEBOTE<\/span><span><\/span><\/a>\n<ul style=\"z-index: 14;\">\n<li data-id=\"9\" data-item-display-desktop=\"text\" style=\"\"> <a href=\"https:\/\/www.geistesgegenwart.at\/index.php\/frauenkorpergruppe\/\"> <span>Frauenk\u00f6rpergruppe<\/span><\/a> <\/li>\n<li data-id=\"12\" data-item-display-desktop=\"text\" style=\"\"> <a href=\"https:\/\/www.geistesgegenwart.at\/index.php\/sternenkinder\/\" target=\"_blank\"> <span>Sternenkinder<\/span><\/a> <\/li>\n<li data-id=\"8\" data-item-display-desktop=\"text\" style=\"\"> <a href=\"https:\/\/www.geistesgegenwart.at\/index.php\/einzelberatung\/\" target=\"_blank\"> <span>Einzelberatungen<\/span><\/a> <\/li>\n<li data-id=\"11\" data-item-display-desktop=\"text\" style=\"\"> <a href=\"https:\/\/www.geistesgegenwart.at\/index.php\/Kreativtraining\/\"> <span>Kreativtraining<\/span><\/a> <\/li>\n<li data-id=\"10\" data-item-display-desktop=\"text\" style=\"\"> <a href=\"https:\/\/www.geistesgegenwart.at\/index.php\/kooperationen\/\"> <span>Kooperationen<\/span><\/a> <\/li>\n<\/ul>\n<\/li>\n<li data-id=\"2\" data-item-display-desktop=\"text\" style=\"\"> <a href=\"https:\/\/www.geistesgegenwart.at\/index.php\/ueber-sibylle\/\"> <span>\u00dcBER MICH<\/span><\/a> <\/li>\n<li data-id=\"7\" data-item-display-desktop=\"text\" style=\"\"> <a href=\"https:\/\/www.geistesgegenwart.at\/index.php\/kontakt\/\"> <span>KONTAKT<\/span><\/a> <\/li>\n<\/ul>\n<p style=\"text-align: center;\"><strong>AGB<\/strong><\/p>\n<p style=\"text-align: center;\"><strong>Zahlung<\/strong><\/p>\n<p style=\"text-align: center;\">Die Bezahlung erfolgt sofort in bar am Ende der Beratung oder mit \u00dcberweisung innerhalb von 1\u200b0 Tagen.Die Preise verstehen sich Umsatzsteuerfrei aufgrund der Kleinunternehmerregelung.<\/p>\n<p style=\"text-align: center;\"><strong>Absageregelung<\/strong>Ein Termin kann kostenfrei bis zu 24 Stunden vorher abgesagt werden.Danach wird der Tarif zu 100% verrechnet. Bei unvorhergesehenen Ereignissen geben Sie bitte sobald als m\u00f6glich bescheid.<\/p>\n<p style=\"text-align: center;\"><strong>Erstberatung<\/strong>Zum Kennenlernen ist die Erstberatung (45 Minuten) kostenlos. Eine weitere halbe Stunde wird mit \u20ac \u200b5\u200b5,- berechnet.<\/p>\n<p style=\"text-align: center;\"><strong>Zahlung bei Gruppenangeboten<\/strong>Um sich einen Platz in der Gruppe zu sichern, ist der volle Betrag im Voraus per \u00dcberweisung zu bezahlen.<\/p>\n<p style=\"text-align: center;\"><strong>Online Beratungen (Zoom, Sykpe), Telefon, e-mail<\/strong>F\u00fcr die Bezahlung wird ein sofort f\u00e4lliges Honorar verrechnet.<\/p>\n<p style=\"text-align: center;\"><strong>Dauer und Umfang<\/strong>In den regu\u00e4ren Beratungsstunden bekommen Sie ganze 60 Minuten ungeteilte Aufmerksamkeit.Bitte kommen Sie p\u00fcnktlich (max. 5 Minuten fr\u00fcher) zu den Beratungen. Etwaige Versp\u00e4tungen k\u00f6nnen nicht ber\u00fccksichtigt werden.Die Dauer des Beratungsprozesses ist so unterschiedlich wie die Themen und Menschen selbst \u2013 Details besprechen wir pers\u00f6nlich.<\/p>\n<p style=\"text-align: center;\">Grunds\u00e4tzlich gilt, reden Sie vorher mit mir, wenn es Schwierigkeiten mit der Zahlung gibt. Wir finden eine gemeinsame L\u00f6sung.<\/p>\n<p style=\"text-align: center;\">\n<p style=\"text-align: center;\"><a href=\"https:\/\/www.wko.at\/wien\/gewerbe-handwerk\/personenberatung-betreuung\/rechtliche-rahmenbedingungen-lebens-und-sozialberatung\" target=\"_blank\" style=\"outline: none;\"><span style=\"font-size: 31px !important;\"><strong>Rechtliches zur Lebens- und Sozialberatung<\/strong><\/span><\/a><\/p>\n<p style=\"text-align: center;\">Beratung\/Coaching ist ein T\u00e4tigkeitsbereich der Lebens- und Sozialberatung und darf nur mit Gewerbeberechtigung ausge\u00fcbt werden.\u00a7 119 Gewerbeordnung sowie die Verordnung \u00fcber die Standes- und Aus\u00fcbungsregeln f\u00fcr das Gewerbe der Lebens- und Sozialberatung geben den gesetzlichen Rahmen vor.<\/p>\n<p style=\"text-align: center;\"><strong>Prinzipien der Beratung: <\/strong>Auftrag, Selbststeuerung, Selbstverantwortung, Aktive MitarbeitZu Beginn der Beratung legen wir gemeinsam die Inhalte und Zielsetzungen der Beratung fest (Beratungs-Vertrag).&nbsp;<\/p>\n<p style=\"text-align: center;\"><strong>Zweck der Beratung<\/strong><em> <\/em>ist eine bessere pers\u00f6nliche Handlungs-, Wahl- und Entscheidungsfreiheit zu erreichen. Ich werde Sie bei unseren gemeinsamen Treffen im Rahmen eines ressourcen-, l\u00f6sungs- und zielorientierten Prozesses bei der Erarbeitung des Auftrags anleiten, beraten und unterst\u00fctzen. Die Gestaltung des Prozesses sowie die Wahl der Methode (Mal- und Gestaltungstherapeutische Methode) unterliegt meiner Entscheidung und kann auch ge\u00e4ndert werden.<\/p>\n<p style=\"text-align: center;\">Eine erfolgreiche Arbeit erfordert Ihre aktive Mitarbeit und die eigentliche Ver\u00e4nderungsarbeit wird von Ihnen selbst geleistet.Sie bestimmen die Detailinhalte und Tiefe der Beratung und handeln eigenverantwortlich.<\/p>\n<p style=\"text-align: center;\"><strong>Verschwiegenheitspflicht<\/strong>Als Lebens- und Sozialberaterin unterliege ich der Verschwiegenheitspflicht.S\u00e4mtliche Daten und Informationen in den Beratungen bleiben vertraulich und werden nicht an Dritte weitergegeben.<\/p>\n<p style=\"text-align: center;\"><em>Ich m\u00f6chte darauf hinweisen, dass im Rahmen der Beratung keine Diagnosen, Therapien oder Behandlungen im medizinischen, psychologischen oder psychotherapeutischen Sinne durchgef\u00fchrt, oder Heilkunde im gesetzlichen Sinne ausge\u00fcbt werden. Beratung\/Coaching\/Training stellt somit keinen Ersatz f\u00fcr eine psychologische, psychotherapeutische oder medizinische Diagnose, Therapie oder Behandlung dar<\/em><em>.<\/em><\/p>\n<p style=\"text-align: center;\"><strong><em><span style=\"font-size: 15px !important;\">Hinweis:<\/span><\/em><\/strong><em><span style=\"font-size: 15px !important;\">Meine Texte verwenden die weibliche Form f\u00fcr eine bessere Lesbarkeit, meint aber alle Geschlechter.<\/span><\/em><em><span style=\"font-size: 15px !important;\">Dies schlie\u00dft Personen mit Pronomen wie sie\/ihr, er\/ihm, xier\/sier, they\/them und weitere ein.<\/span><\/em><\/p>\n<p style=\"text-align: center;\">\n<p style=\"text-align: center;\">\n<p><span><a href=\"https:\/\/www.geistesgegenwart.at\"><img decoding=\"async\" alt=\"Spirallogo mit Farben in Blau, Gelb, Gr\u00fcn und Schwarz gemalt. Alles wirkt etwas T\u00fcrkis\" data-id=\"340\" width=\"82\" data-init-width=\"512\" height=\"82\" data-init-height=\"512\" title=\"Sibylles Logo\" loading=\"lazy\" src=\"https:\/\/www.geistesgegenwart.at\/wp-content\/uploads\/2024\/03\/cropped-Black-Ivory-Minimalist-Handwritten-Wedding-Photography-Circle-Logo.png\" data-width=\"82\" data-height=\"82\" style=\"aspect-ratio: auto 512 \/ 512;\" data-link-wrap=\"true\"><\/a><\/span>    <span style=\"\"><img decoding=\"async\" alt=\"\" data-id=\"39\" width=\"190\" data-init-width=\"1536\" height=\"253\" data-init-height=\"2049\" title=\"\" loading=\"lazy\" src=\"\/\/www.geistesgegenwart.at\/wp-content\/uploads\/2024\/03\/IMG_0914.jpg\" data-width=\"190\" data-height=\"253\" style=\"aspect-ratio: auto 1536 \/ 2049;\" ml-d=\"0\" mt-d=\"-7.180000000000007\" center-h-d=\"false\"><\/span><\/p>\n<h1 style=\"text-align: left;\"><span>Kreativausdruck<\/span><\/h1>\n<p style=\"text-align: left;\"><span style=\"--tcb-text-highlight-color: rgb(146, 171, 194) !important;\" data-text-highlight=\"wavy-2\" data-tcb-highlight-animation=\"viewport_once\" data-svg-config=\"{&quot;animationCount&quot;:1,&quot;animationDuration&quot;:1,&quot;animationDelay&quot;:1,&quot;strokeWidth&quot;:&quot;8&quot;}\">Wecke deine Sch\u00f6pferkraft<\/span><\/p>\n<p style=\"\"><span><\/span>Kreativit\u00e4t ist der Funke, der das Feuer der Vorstellungskraft entfacht und die Welt mit neuen Farben malt.<\/p>\n<p>__CONFIG_colors_palette__{&#8222;active_palette&#8220;:0,&#8220;config&#8220;:{&#8222;colors&#8220;:{&#8222;394d4&#8220;:{&#8222;name&#8220;:&#8220;Main Accent&#8220;,&#8220;parent&#8220;:-1}},&#8220;gradients&#8220;:[]},&#8220;palettes&#8220;:[{&#8222;name&#8220;:&#8220;Default Palette&#8220;,&#8220;value&#8220;:{&#8222;colors&#8220;:{&#8222;394d4&#8220;:{&#8222;val&#8220;:&#8220;rgb(146, 171, 194)&#8220;}},&#8220;gradients&#8220;:[]},&#8220;original&#8220;:{&#8222;colors&#8220;:{&#8222;394d4&#8220;:{&#8222;val&#8220;:&#8220;rgb(19, 114, 211)&#8220;,&#8220;hsl&#8220;:{&#8222;h&#8220;:210,&#8220;s&#8220;:0.83,&#8220;l&#8220;:0.45,&#8220;a&#8220;:1}}},&#8220;gradients&#8220;:[]}}]}__CONFIG_colors_palette__ <a href=\"https:\/\/www.geistesgegenwart.at\/index.php\/newsletter-anmeldung\/\" style=\"\" target=\"_blank\"> <span><span style=\"\"><span><span><span style=\"\">Newsletter <\/span><\/span><span style=\"\">hier anmelden<\/span><\/span><\/span><\/span> <\/a>  <a href=\"https:\/\/www.facebook.com\/profile.php?id=61555988998928\" target=\"_blank\"><\/a><a href=\"https:\/\/wa.me\/4367764754768\" target=\"_blank\"><\/a><a href=\"https:\/\/www.instagram.com\/sibyllelamatsch\/ \" target=\"_blank\"><\/a> <a href=\"#\">   <\/a> <\/p>\n<ul id=\"m-18d4a4cf491\" data-iid=\"13\" style=\"z-index: 12;\">\n<li data-id=\"1\" data-item-display-desktop=\"text\"> <a href=\"https:\/\/www.geistesgegenwart.at\"> <span>HOME<\/span><\/a> <\/li>\n<li data-id=\"2\" data-item-display-desktop=\"text\"> <a href=\"https:\/\/www.geistesgegenwart.at\/index.php\/ueber-sibylle\/\"> <span>\u00dcBER MICH<\/span><\/a> <\/li>\n<li data-id=\"4\" data-item-display-desktop=\"text\"> <a href=\"\"> <span>ANGEBOTE<\/span><span><\/span><\/a>\n<ul style=\"z-index: 13;\">\n<li data-id=\"9\" data-item-display-desktop=\"text\"> <a href=\"https:\/\/www.geistesgegenwart.at\/index.php\/frauenkorpergruppe\/\"> <span>Frauenk\u00f6rpergruppe<\/span><\/a> <\/li>\n<li data-id=\"12\" data-item-display-desktop=\"text\"> <a href=\"https:\/\/www.geistesgegenwart.at\/index.php\/sternenkinder\/\" target=\"_blank\"> <span>Sternenkinder<\/span><\/a> <\/li>\n<li data-id=\"8\" data-item-display-desktop=\"text\"> <a href=\"https:\/\/www.geistesgegenwart.at\/index.php\/einzelberatung\/\"> <span>Einzelberatung<\/span><\/a> <\/li>\n<li data-id=\"11\" data-item-display-desktop=\"text\"> <a href=\"https:\/\/www.geistesgegenwart.at\/index.php\/Kreativtraining\/\"> <span>Kreativtraining<\/span><\/a> <\/li>\n<li data-id=\"10\" data-item-display-desktop=\"text\"> <a href=\"https:\/\/www.geistesgegenwart.at\/index.php\/kooperationen\/\"> <span>Kooperationen<\/span><\/a> <\/li>\n<\/ul>\n<\/li>\n<li data-id=\"7\" data-item-display-desktop=\"text\"> <a href=\"https:\/\/www.geistesgegenwart.at\/index.php\/kontakt\/\"> <span>KONTAKT<\/span><\/a> <\/li>\n<\/ul>\n<p style=\"text-align: center;\"><a href=\"https:\/\/www.geistesgegenwart.at\/index.php\/impressum\/\" style=\"outline: none;\">Impressum<\/a><\/p>\n<p style=\"text-align: center;\"><a href=\"https:\/\/www.geistesgegenwart.at\/index.php\/datenschutz\/\" style=\"outline: none;\">Datenschutz<\/a><\/p>\n<p style=\"text-align: center;\"><a href=\"https:\/\/www.geistesgegenwart.at\/index.php\/agb\/\" style=\"outline: none;\">AGB<\/a><\/p>\n","protected":false},"excerpt":{"rendered":"<p>SIBYLLE LAMATSCH HOME ANGEBOTE Frauenk\u00f6rpergruppe Sternenkinder Einzelberatungen Kreativtraining Kooperationen \u00dcBER MICH KONTAKT AGB Zahlung Die Bezahlung erfolgt sofort in bar [&hellip;]<\/p>\n","protected":false},"author":1,"featured_media":340,"parent":0,"menu_order":0,"comment_status":"closed","ping_status":"closed","template":"","meta":{"site-sidebar-layout":"default","site-content-layout":"","ast-site-content-layout":"","site-content-style":"default","site-sidebar-style":"default","ast-global-header-display":"","ast-banner-title-visibility":"","ast-main-header-display":"","ast-hfb-above-header-display":"","ast-hfb-below-header-display":"","ast-hfb-mobile-header-display":"","site-post-title":"","ast-breadcrumbs-content":"","ast-featured-img":"","footer-sml-layout":"","theme-transparent-header-meta":"","adv-header-id-meta":"","stick-header-meta":"","header-above-stick-meta":"","header-main-stick-meta":"","header-below-stick-meta":"","astra-migrate-meta-layouts":"default","ast-page-background-enabled":"default","ast-page-background-meta":{"desktop":{"background-color":"var(--ast-global-color-4)","background-image":"","background-repeat":"repeat","background-position":"center center","background-size":"auto","background-attachment":"scroll","background-type":"","background-media":"","overlay-type":"","overlay-color":"","overlay-opacity":"","overlay-gradient":""},"tablet":{"background-color":"","background-image":"","background-repeat":"repeat","background-position":"center center","background-size":"auto","background-attachment":"scroll","background-type":"","background-media":"","overlay-type":"","overlay-color":"","overlay-opacity":"","overlay-gradient":""},"mobile":{"background-color":"","background-image":"","background-repeat":"repeat","background-position":"center center","background-size":"auto","background-attachment":"scroll","background-type":"","background-media":"","overlay-type":"","overlay-color":"","overlay-opacity":"","overlay-gradient":""}},"ast-content-background-meta":{"desktop":{"background-color":"var(--ast-global-color-5)","background-image":"","background-repeat":"repeat","background-position":"center center","background-size":"auto","background-attachment":"scroll","background-type":"","background-media":"","overlay-type":"","overlay-color":"","overlay-opacity":"","overlay-gradient":""},"tablet":{"background-color":"var(--ast-global-color-5)","background-image":"","background-repeat":"repeat","background-position":"center center","background-size":"auto","background-attachment":"scroll","background-type":"","background-media":"","overlay-type":"","overlay-color":"","overlay-opacity":"","overlay-gradient":""},"mobile":{"background-color":"var(--ast-global-color-5)","background-image":"","background-repeat":"repeat","background-position":"center center","background-size":"auto","background-attachment":"scroll","background-type":"","background-media":"","overlay-type":"","overlay-color":"","overlay-opacity":"","overlay-gradient":""}},"footnotes":""},"class_list":["post-658","page","type-page","status-publish","has-post-thumbnail","hentry"],"yoast_head":"<!-- This site is optimized with the Yoast SEO plugin v27.1.1 - https:\/\/yoast.com\/product\/yoast-seo-wordpress\/ -->\n<title>AGB - Beratung und Hilfe<\/title>\n<meta name=\"description\" content=\"Praxis f\u00fcr Lebens- und Sozialberatung (mit Mal- und Gestaltungstherapeutischen Methoden in Ausbildung unter Supervision) DSA Sibylle Lamatsch 22., Moissigasse 17\/3 Mobil: +43 677 647 547 68 geistesgegenwart.at\" \/>\n<meta name=\"robots\" content=\"index, follow, max-snippet:-1, max-image-preview:large, max-video-preview:-1\" \/>\n<link rel=\"canonical\" href=\"https:\/\/www.geistesgegenwart.at\/index.php\/agb\/\" \/>\n<meta property=\"og:locale\" content=\"de_DE\" \/>\n<meta property=\"og:type\" content=\"article\" \/>\n<meta property=\"og:title\" content=\"AGB - Beratung und Hilfe\" \/>\n<meta property=\"og:description\" content=\"Praxis f\u00fcr Lebens- und Sozialberatung (mit Mal- und Gestaltungstherapeutischen Methoden in Ausbildung unter Supervision) DSA Sibylle Lamatsch 22., Moissigasse 17\/3 Mobil: +43 677 647 547 68 geistesgegenwart.at\" \/>\n<meta property=\"og:url\" content=\"https:\/\/www.geistesgegenwart.at\/index.php\/agb\/\" \/>\n<meta property=\"og:site_name\" content=\"Beratung und Hilfe\" \/>\n<meta property=\"article:publisher\" content=\"https:\/\/www.facebook.com\/Sibylle.Lamatsch\/\" \/>\n<meta property=\"article:modified_time\" content=\"2025-10-06T11:12:17+00:00\" \/>\n<meta property=\"og:image\" content=\"https:\/\/www.geistesgegenwart.at\/wp-content\/uploads\/2024\/03\/cropped-Black-Ivory-Minimalist-Handwritten-Wedding-Photography-Circle-Logo.png\" \/>\n\t<meta property=\"og:image:width\" content=\"512\" \/>\n\t<meta property=\"og:image:height\" content=\"512\" \/>\n\t<meta property=\"og:image:type\" content=\"image\/png\" \/>\n<meta name=\"twitter:card\" content=\"summary_large_image\" \/>\n<meta name=\"twitter:label1\" content=\"Gesch\u00e4tzte Lesezeit\" \/>\n\t<meta name=\"twitter:data1\" content=\"3 Minuten\" \/>\n<script type=\"application\/ld+json\" class=\"yoast-schema-graph\">{\"@context\":\"https:\/\/schema.org\",\"@graph\":[{\"@type\":\"WebPage\",\"@id\":\"https:\/\/www.geistesgegenwart.at\/index.php\/agb\/\",\"url\":\"https:\/\/www.geistesgegenwart.at\/index.php\/agb\/\",\"name\":\"AGB - Beratung und Hilfe\",\"isPartOf\":{\"@id\":\"https:\/\/www.geistesgegenwart.at\/#website\"},\"primaryImageOfPage\":{\"@id\":\"https:\/\/www.geistesgegenwart.at\/index.php\/agb\/#primaryimage\"},\"image\":{\"@id\":\"https:\/\/www.geistesgegenwart.at\/index.php\/agb\/#primaryimage\"},\"thumbnailUrl\":\"https:\/\/www.geistesgegenwart.at\/wp-content\/uploads\/2024\/03\/cropped-Black-Ivory-Minimalist-Handwritten-Wedding-Photography-Circle-Logo.png\",\"datePublished\":\"2024-08-06T14:25:11+00:00\",\"dateModified\":\"2025-10-06T11:12:17+00:00\",\"description\":\"Praxis f\u00fcr Lebens- und Sozialberatung (mit Mal- und Gestaltungstherapeutischen Methoden in Ausbildung unter Supervision) DSA Sibylle Lamatsch 22., Moissigasse 17\/3 Mobil: +43 677 647 547 68 geistesgegenwart.at\",\"breadcrumb\":{\"@id\":\"https:\/\/www.geistesgegenwart.at\/index.php\/agb\/#breadcrumb\"},\"inLanguage\":\"de-AT\",\"potentialAction\":[{\"@type\":\"ReadAction\",\"target\":[\"https:\/\/www.geistesgegenwart.at\/index.php\/agb\/\"]}]},{\"@type\":\"ImageObject\",\"inLanguage\":\"de-AT\",\"@id\":\"https:\/\/www.geistesgegenwart.at\/index.php\/agb\/#primaryimage\",\"url\":\"https:\/\/www.geistesgegenwart.at\/wp-content\/uploads\/2024\/03\/cropped-Black-Ivory-Minimalist-Handwritten-Wedding-Photography-Circle-Logo.png\",\"contentUrl\":\"https:\/\/www.geistesgegenwart.at\/wp-content\/uploads\/2024\/03\/cropped-Black-Ivory-Minimalist-Handwritten-Wedding-Photography-Circle-Logo.png\",\"width\":512,\"height\":512,\"caption\":\"Spirallogo mit Farben in Blau, Gelb, Gr\u00fcn und Schwarz gemalt. Alles wirkt etwas T\u00fcrkis geistesgegenwart sibylle lamatsch\"},{\"@type\":\"BreadcrumbList\",\"@id\":\"https:\/\/www.geistesgegenwart.at\/index.php\/agb\/#breadcrumb\",\"itemListElement\":[{\"@type\":\"ListItem\",\"position\":1,\"name\":\"Startseite\",\"item\":\"https:\/\/www.geistesgegenwart.at\/\"},{\"@type\":\"ListItem\",\"position\":2,\"name\":\"AGB\"}]},{\"@type\":\"WebSite\",\"@id\":\"https:\/\/www.geistesgegenwart.at\/#website\",\"url\":\"https:\/\/www.geistesgegenwart.at\/\",\"name\":\"Beratung und Hilfe\",\"description\":\"Mal- und Gestaltungstherapie\",\"publisher\":{\"@id\":\"https:\/\/www.geistesgegenwart.at\/#\/schema\/person\/5f67905057f2021d8cf31fcca7dd231f\"},\"potentialAction\":[{\"@type\":\"SearchAction\",\"target\":{\"@type\":\"EntryPoint\",\"urlTemplate\":\"https:\/\/www.geistesgegenwart.at\/?s={search_term_string}\"},\"query-input\":{\"@type\":\"PropertyValueSpecification\",\"valueRequired\":true,\"valueName\":\"search_term_string\"}}],\"inLanguage\":\"de-AT\"},{\"@type\":[\"Person\",\"Organization\"],\"@id\":\"https:\/\/www.geistesgegenwart.at\/#\/schema\/person\/5f67905057f2021d8cf31fcca7dd231f\",\"name\":\"sibylle\",\"image\":{\"@type\":\"ImageObject\",\"inLanguage\":\"de-AT\",\"@id\":\"https:\/\/www.geistesgegenwart.at\/#\/schema\/person\/image\/\",\"url\":\"https:\/\/www.geistesgegenwart.at\/wp-content\/uploads\/2024\/03\/cropped-Black-Ivory-Minimalist-Handwritten-Wedding-Photography-Circle-Logo.png\",\"contentUrl\":\"https:\/\/www.geistesgegenwart.at\/wp-content\/uploads\/2024\/03\/cropped-Black-Ivory-Minimalist-Handwritten-Wedding-Photography-Circle-Logo.png\",\"width\":512,\"height\":512,\"caption\":\"sibylle\"},\"logo\":{\"@id\":\"https:\/\/www.geistesgegenwart.at\/#\/schema\/person\/image\/\"},\"sameAs\":[\"https:\/\/www.geistesgegenwart.at\",\"https:\/\/www.facebook.com\/Sibylle.Lamatsch\/\",\"https:\/\/www.instagram.com\/sibyllelamatsch\/\",\"https:\/\/www.linkedin.com\/in\/sibylle-lamatsch-a8011327a\/\",\"https:\/\/www.youtube.com\/@geistesgegenwart-sl\"]}]}<\/script>\n<!-- \/ Yoast SEO plugin. -->","yoast_head_json":{"title":"AGB - Beratung und Hilfe","description":"Praxis f\u00fcr Lebens- und Sozialberatung (mit Mal- und Gestaltungstherapeutischen Methoden in Ausbildung unter Supervision) DSA Sibylle Lamatsch 22., Moissigasse 17\/3 Mobil: +43 677 647 547 68 geistesgegenwart.at","robots":{"index":"index","follow":"follow","max-snippet":"max-snippet:-1","max-image-preview":"max-image-preview:large","max-video-preview":"max-video-preview:-1"},"canonical":"https:\/\/www.geistesgegenwart.at\/index.php\/agb\/","og_locale":"de_DE","og_type":"article","og_title":"AGB - Beratung und Hilfe","og_description":"Praxis f\u00fcr Lebens- und Sozialberatung (mit Mal- und Gestaltungstherapeutischen Methoden in Ausbildung unter Supervision) DSA Sibylle Lamatsch 22., Moissigasse 17\/3 Mobil: +43 677 647 547 68 geistesgegenwart.at","og_url":"https:\/\/www.geistesgegenwart.at\/index.php\/agb\/","og_site_name":"Beratung und Hilfe","article_publisher":"https:\/\/www.facebook.com\/Sibylle.Lamatsch\/","article_modified_time":"2025-10-06T11:12:17+00:00","og_image":[{"width":512,"height":512,"url":"https:\/\/www.geistesgegenwart.at\/wp-content\/uploads\/2024\/03\/cropped-Black-Ivory-Minimalist-Handwritten-Wedding-Photography-Circle-Logo.png","type":"image\/png"}],"twitter_card":"summary_large_image","twitter_misc":{"Gesch\u00e4tzte Lesezeit":"3 Minuten"},"schema":{"@context":"https:\/\/schema.org","@graph":[{"@type":"WebPage","@id":"https:\/\/www.geistesgegenwart.at\/index.php\/agb\/","url":"https:\/\/www.geistesgegenwart.at\/index.php\/agb\/","name":"AGB - Beratung und Hilfe","isPartOf":{"@id":"https:\/\/www.geistesgegenwart.at\/#website"},"primaryImageOfPage":{"@id":"https:\/\/www.geistesgegenwart.at\/index.php\/agb\/#primaryimage"},"image":{"@id":"https:\/\/www.geistesgegenwart.at\/index.php\/agb\/#primaryimage"},"thumbnailUrl":"https:\/\/www.geistesgegenwart.at\/wp-content\/uploads\/2024\/03\/cropped-Black-Ivory-Minimalist-Handwritten-Wedding-Photography-Circle-Logo.png","datePublished":"2024-08-06T14:25:11+00:00","dateModified":"2025-10-06T11:12:17+00:00","description":"Praxis f\u00fcr Lebens- und Sozialberatung (mit Mal- und Gestaltungstherapeutischen Methoden in Ausbildung unter Supervision) DSA Sibylle Lamatsch 22., Moissigasse 17\/3 Mobil: +43 677 647 547 68 geistesgegenwart.at","breadcrumb":{"@id":"https:\/\/www.geistesgegenwart.at\/index.php\/agb\/#breadcrumb"},"inLanguage":"de-AT","potentialAction":[{"@type":"ReadAction","target":["https:\/\/www.geistesgegenwart.at\/index.php\/agb\/"]}]},{"@type":"ImageObject","inLanguage":"de-AT","@id":"https:\/\/www.geistesgegenwart.at\/index.php\/agb\/#primaryimage","url":"https:\/\/www.geistesgegenwart.at\/wp-content\/uploads\/2024\/03\/cropped-Black-Ivory-Minimalist-Handwritten-Wedding-Photography-Circle-Logo.png","contentUrl":"https:\/\/www.geistesgegenwart.at\/wp-content\/uploads\/2024\/03\/cropped-Black-Ivory-Minimalist-Handwritten-Wedding-Photography-Circle-Logo.png","width":512,"height":512,"caption":"Spirallogo mit Farben in Blau, Gelb, Gr\u00fcn und Schwarz gemalt. Alles wirkt etwas T\u00fcrkis geistesgegenwart sibylle lamatsch"},{"@type":"BreadcrumbList","@id":"https:\/\/www.geistesgegenwart.at\/index.php\/agb\/#breadcrumb","itemListElement":[{"@type":"ListItem","position":1,"name":"Startseite","item":"https:\/\/www.geistesgegenwart.at\/"},{"@type":"ListItem","position":2,"name":"AGB"}]},{"@type":"WebSite","@id":"https:\/\/www.geistesgegenwart.at\/#website","url":"https:\/\/www.geistesgegenwart.at\/","name":"Beratung und Hilfe","description":"Mal- und Gestaltungstherapie","publisher":{"@id":"https:\/\/www.geistesgegenwart.at\/#\/schema\/person\/5f67905057f2021d8cf31fcca7dd231f"},"potentialAction":[{"@type":"SearchAction","target":{"@type":"EntryPoint","urlTemplate":"https:\/\/www.geistesgegenwart.at\/?s={search_term_string}"},"query-input":{"@type":"PropertyValueSpecification","valueRequired":true,"valueName":"search_term_string"}}],"inLanguage":"de-AT"},{"@type":["Person","Organization"],"@id":"https:\/\/www.geistesgegenwart.at\/#\/schema\/person\/5f67905057f2021d8cf31fcca7dd231f","name":"sibylle","image":{"@type":"ImageObject","inLanguage":"de-AT","@id":"https:\/\/www.geistesgegenwart.at\/#\/schema\/person\/image\/","url":"https:\/\/www.geistesgegenwart.at\/wp-content\/uploads\/2024\/03\/cropped-Black-Ivory-Minimalist-Handwritten-Wedding-Photography-Circle-Logo.png","contentUrl":"https:\/\/www.geistesgegenwart.at\/wp-content\/uploads\/2024\/03\/cropped-Black-Ivory-Minimalist-Handwritten-Wedding-Photography-Circle-Logo.png","width":512,"height":512,"caption":"sibylle"},"logo":{"@id":"https:\/\/www.geistesgegenwart.at\/#\/schema\/person\/image\/"},"sameAs":["https:\/\/www.geistesgegenwart.at","https:\/\/www.facebook.com\/Sibylle.Lamatsch\/","https:\/\/www.instagram.com\/sibyllelamatsch\/","https:\/\/www.linkedin.com\/in\/sibylle-lamatsch-a8011327a\/","https:\/\/www.youtube.com\/@geistesgegenwart-sl"]}]}},"_links":{"self":[{"href":"https:\/\/www.geistesgegenwart.at\/index.php\/wp-json\/wp\/v2\/pages\/658","targetHints":{"allow":["GET"]}}],"collection":[{"href":"https:\/\/www.geistesgegenwart.at\/index.php\/wp-json\/wp\/v2\/pages"}],"about":[{"href":"https:\/\/www.geistesgegenwart.at\/index.php\/wp-json\/wp\/v2\/types\/page"}],"author":[{"embeddable":true,"href":"https:\/\/www.geistesgegenwart.at\/index.php\/wp-json\/wp\/v2\/users\/1"}],"replies":[{"embeddable":true,"href":"https:\/\/www.geistesgegenwart.at\/index.php\/wp-json\/wp\/v2\/comments?post=658"}],"version-history":[{"count":16,"href":"https:\/\/www.geistesgegenwart.at\/index.php\/wp-json\/wp\/v2\/pages\/658\/revisions"}],"predecessor-version":[{"id":1208,"href":"https:\/\/www.geistesgegenwart.at\/index.php\/wp-json\/wp\/v2\/pages\/658\/revisions\/1208"}],"wp:featuredmedia":[{"embeddable":true,"href":"https:\/\/www.geistesgegenwart.at\/index.php\/wp-json\/wp\/v2\/media\/340"}],"wp:attachment":[{"href":"https:\/\/www.geistesgegenwart.at\/index.php\/wp-json\/wp\/v2\/media?parent=658"}],"curies":[{"name":"wp","href":"https:\/\/api.w.org\/{rel}","templated":true}]}}