{"id":269,"date":"2024-03-29T08:30:20","date_gmt":"2024-03-29T07:30:20","guid":{"rendered":"https:\/\/www.geistesgegenwart.at\/?page_id=269"},"modified":"2025-04-07T08:10:37","modified_gmt":"2025-04-07T06:10:37","slug":"impressum","status":"publish","type":"page","link":"https:\/\/www.geistesgegenwart.at\/index.php\/impressum\/","title":{"rendered":"Impressum"},"content":{"rendered":"<p>  <a href=\"https:\/\/www.geistesgegenwart.at\" data-id-d=\"2\" data-img-style=\"width: 100%;\"><img loading=\"lazy\" decoding=\"async\" src=\"https:\/\/www.geistesgegenwart.at\/wp-content\/uploads\/2024\/03\/Black-Ivory-Minimalist-Handwritten-Wedding-Photography-Circle-Logo.png\" height=\"1000\" width=\"1000\" alt=\"\" style=\"width: 100%;\"><\/img><\/a><\/p>\n<p style=\"text-align: left;\"><strong>SIBYLLE LAMATSCH<\/strong><\/p>\n<p> <a href=\"#\">   <\/a> <\/p>\n<ul id=\"m-18e8908752c\" data-iid=\"12\">\n<li data-id=\"1\" data-item-display-desktop=\"text\"> <a href=\"https:\/\/www.geistesgegenwart.at\"> <span>HOME<\/span><\/a> <\/li>\n<li data-id=\"4\" data-item-display-desktop=\"text\"> <a href=\"\"> <span>ANGEBOTE<\/span><span><\/span><\/a>\n<ul>\n<li data-id=\"8\" data-item-display-desktop=\"text\"> <a href=\"https:\/\/www.geistesgegenwart.at\/index.php\/sales-page-2\/\"> <span>Einzelberatungen<\/span><\/a> <\/li>\n<li data-id=\"9\" data-item-display-desktop=\"text\"> <a href=\"https:\/\/www.geistesgegenwart.at\/index.php\/frauenkorpergruppe\/\"> <span>Frauenk\u00f6rpergruppe<\/span><\/a> <\/li>\n<li data-id=\"11\" data-item-display-desktop=\"text\"> <a href=\"https:\/\/www.geistesgegenwart.at\/index.php\/gedankenkarusell-online\/\"> <span>Gedankenkarusell online<\/span><\/a> <\/li>\n<li data-id=\"10\" data-item-display-desktop=\"text\"> <a href=\"https:\/\/www.geistesgegenwart.at\/index.php\/kooperationen\/\"> <span>Kooperationen<\/span><\/a> <\/li>\n<\/ul>\n<\/li>\n<li data-id=\"2\" data-item-display-desktop=\"text\"> <a href=\"https:\/\/www.geistesgegenwart.at\/index.php\/ueber-sibylle\/\"> <span>\u00dcBER MICH<\/span><\/a> <\/li>\n<li data-id=\"7\" data-item-display-desktop=\"text\"> <a href=\"https:\/\/www.geistesgegenwart.at\/index.php\/kontakt\/\"> <span>KONTAKT<\/span><\/a> <\/li>\n<\/ul>\n<p style=\"text-align: center;\"><strong>Impressum<\/strong><\/p>\n<p style=\"text-align: center;\">\u200b<strong>Praxis f\u00fcr Lebens- und Sozialberatung<\/strong>\u200bmit mal- und gestaltungstherapeutischen Methoden<\/p>\n<p style=\"text-align: center;\">Dipl. Sozialarbeiterin Sibylle LamatschMoissigasse 17\/3, 1220 WienMobil: +43&nbsp;677&nbsp;647&nbsp;547 68E-Mail: <a href=\"mailto:geistesgegenwart.@gmx.at\" style=\"outline: none;\">geistesgegenwart@gmx.at<\/a>Website: <a href=\"https:\/\/www.geistesgegenwart.at\" style=\"outline: none;\">www.geistesgegenwart.at<\/a><\/p>\n<p style=\"text-align: center;\"><strong>Kammerzugeh\u00f6rigkeit<\/strong>Wirtschaftskammer WienFachgruppe Personenberatung und Personenbetreuung<\/p>\n<p style=\"text-align: center;\"><strong>Gewerbebeh\u00f6rde<\/strong>Magistratische Bezirksamt 1220 Wien<\/p>\n<p style=\"text-align: center;\"><strong>Gewerbeordnung<\/strong>(BGBl 194\/1994)Verordnung des Bundesministeriums f\u00fcr wirtschaftliche Angelegenheiten \u00fcberStandes- und Aus\u00fcbungsregeln f\u00fcr das Gewerbe derLebens- und Sozialberatung (BGBL II 260\/1998)abrufbar unter: <a href=\"https:\/\/www.ris.bka.gv.at\/GeltendeFassung.wxe?Abfrage=Bundesnormen&amp;Gesetzesnummer=10007997\" target=\"_blank\" style=\"outline: none;\">www.ris.bka.gv.at<\/a><\/p>\n<p><span><a href=\"https:\/\/www.geistesgegenwart.at\"><img decoding=\"async\" alt=\"Spirallogo mit Farben in Blau, Gelb, Gr\u00fcn und Schwarz gemalt. Alles wirkt etwas T\u00fcrkis\" data-id=\"340\" width=\"82\" data-init-width=\"512\" height=\"82\" data-init-height=\"512\" title=\"Sibylles Logo\" loading=\"lazy\" src=\"https:\/\/www.geistesgegenwart.at\/wp-content\/uploads\/2024\/03\/cropped-Black-Ivory-Minimalist-Handwritten-Wedding-Photography-Circle-Logo.png\" data-width=\"82\" data-height=\"82\" style=\"aspect-ratio: auto 512 \/ 512;\" data-link-wrap=\"true\"><\/a><\/span>    <span style=\"\"><img decoding=\"async\" alt=\"\" data-id=\"39\" width=\"190\" data-init-width=\"1536\" height=\"253\" data-init-height=\"2049\" title=\"\" loading=\"lazy\" src=\"\/\/www.geistesgegenwart.at\/wp-content\/uploads\/2024\/03\/IMG_0914.jpg\" data-width=\"190\" data-height=\"253\" style=\"aspect-ratio: auto 1536 \/ 2049;\" ml-d=\"0\" mt-d=\"-7.180000000000007\" center-h-d=\"false\"><\/span><\/p>\n<h1 style=\"text-align: left;\"><span>Kreativausdruck<\/span><\/h1>\n<p style=\"text-align: left;\"><span style=\"--tcb-text-highlight-color: rgb(146, 171, 194) !important;\" data-text-highlight=\"wavy-2\" data-tcb-highlight-animation=\"viewport_once\" data-svg-config=\"{&quot;animationCount&quot;:1,&quot;animationDuration&quot;:1,&quot;animationDelay&quot;:1,&quot;strokeWidth&quot;:&quot;8&quot;}\">Wecke deine Sch\u00f6pferkraft<\/span><\/p>\n<p style=\"\"><span><\/span>Kreativit\u00e4t ist der Funke, der das Feuer der Vorstellungskraft entfacht und die Welt mit neuen Farben malt.<\/p>\n<p>__CONFIG_colors_palette__{&#8222;active_palette&#8220;:0,&#8220;config&#8220;:{&#8222;colors&#8220;:{&#8222;394d4&#8220;:{&#8222;name&#8220;:&#8220;Main Accent&#8220;,&#8220;parent&#8220;:-1}},&#8220;gradients&#8220;:[]},&#8220;palettes&#8220;:[{&#8222;name&#8220;:&#8220;Default Palette&#8220;,&#8220;value&#8220;:{&#8222;colors&#8220;:{&#8222;394d4&#8220;:{&#8222;val&#8220;:&#8220;rgb(146, 171, 194)&#8220;}},&#8220;gradients&#8220;:[]},&#8220;original&#8220;:{&#8222;colors&#8220;:{&#8222;394d4&#8220;:{&#8222;val&#8220;:&#8220;rgb(19, 114, 211)&#8220;,&#8220;hsl&#8220;:{&#8222;h&#8220;:210,&#8220;s&#8220;:0.83,&#8220;l&#8220;:0.45,&#8220;a&#8220;:1}}},&#8220;gradients&#8220;:[]}}]}__CONFIG_colors_palette__ <a href=\"https:\/\/www.geistesgegenwart.at\/index.php\/newsletter-anmeldung\/\" style=\"\" target=\"_blank\"> <span><span style=\"\"><span><span><span style=\"\">Newsletter <\/span><\/span><span style=\"\">hier anmelden<\/span><\/span><\/span><\/span> <\/a>  <a href=\"https:\/\/www.facebook.com\/profile.php?id=61555988998928\" target=\"_blank\"><\/a><a href=\"https:\/\/wa.me\/4367764754768\" target=\"_blank\"><\/a><a href=\"https:\/\/www.instagram.com\/sibyllelamatsch\/ \" target=\"_blank\"><\/a> <a href=\"#\">   <\/a> <\/p>\n<ul id=\"m-18d4a4cf491\" data-iid=\"11\">\n<li data-id=\"1\" data-item-display-desktop=\"text\"> <a href=\"https:\/\/www.geistesgegenwart.at\"> <span>HOME<\/span><\/a> <\/li>\n<li data-id=\"2\" data-item-display-desktop=\"text\"> <a href=\"https:\/\/www.geistesgegenwart.at\/index.php\/ueber-sibylle\/\"> <span>\u00dcBER MICH<\/span><\/a> <\/li>\n<li data-id=\"4\" data-item-display-desktop=\"text\"> <a href=\"\"> <span>ANGEBOTE<\/span><span><\/span><\/a>\n<ul>\n<li data-id=\"8\" data-item-display-desktop=\"text\" style=\"\"> <a href=\"https:\/\/www.geistesgegenwart.at\/index.php\/sales-page-2\/\"> <span>Einzelberatung<\/span><\/a> <\/li>\n<li data-id=\"9\" data-item-display-desktop=\"text\" style=\"\"> <a href=\"https:\/\/www.geistesgegenwart.at\/index.php\/frauenkorpergruppe\/\"> <span>Frauenk\u00f6rpergruppe<\/span><\/a> <\/li>\n<li data-id=\"10\" data-item-display-desktop=\"text\" style=\"\"> <a href=\"https:\/\/www.geistesgegenwart.at\/index.php\/kooperationen\/\"> <span>Kooperationen<\/span><\/a> <\/li>\n<\/ul>\n<\/li>\n<li data-id=\"7\" data-item-display-desktop=\"text\"> <a href=\"https:\/\/www.geistesgegenwart.at\/index.php\/kontakt\/\"> <span>KONTAKT<\/span><\/a> <\/li>\n<\/ul>\n<p style=\"text-align: center;\"><a href=\"https:\/\/www.geistesgegenwart.at\/index.php\/impressum\/\" style=\"outline: none;\">Impressum<\/a><\/p>\n<p style=\"text-align: center;\"><a href=\"https:\/\/www.geistesgegenwart.at\/index.php\/datenschutz\/\" style=\"outline: none;\">Datenschutz<\/a><\/p>\n<p style=\"text-align: center;\"><a href=\"https:\/\/www.geistesgegenwart.at\/index.php\/agb\/\">AGB<\/a><\/p>\n","protected":false},"excerpt":{"rendered":"<p>SIBYLLE LAMATSCH HOME ANGEBOTE Einzelberatungen Frauenk\u00f6rpergruppe Gedankenkarusell online Kooperationen \u00dcBER MICH KONTAKT Impressum \u200bPraxis f\u00fcr Lebens- und Sozialberatung\u200bmit mal- und [&hellip;]<\/p>\n","protected":false},"author":2,"featured_media":340,"parent":0,"menu_order":0,"comment_status":"closed","ping_status":"closed","template":"","meta":{"site-sidebar-layout":"default","site-content-layout":"","ast-site-content-layout":"","site-content-style":"default","site-sidebar-style":"default","ast-global-header-display":"","ast-banner-title-visibility":"","ast-main-header-display":"","ast-hfb-above-header-display":"","ast-hfb-below-header-display":"","ast-hfb-mobile-header-display":"","site-post-title":"","ast-breadcrumbs-content":"","ast-featured-img":"","footer-sml-layout":"","theme-transparent-header-meta":"","adv-header-id-meta":"","stick-header-meta":"","header-above-stick-meta":"","header-main-stick-meta":"","header-below-stick-meta":"","astra-migrate-meta-layouts":"default","ast-page-background-enabled":"default","ast-page-background-meta":{"desktop":{"background-color":"var(--ast-global-color-4)","background-image":"","background-repeat":"repeat","background-position":"center center","background-size":"auto","background-attachment":"scroll","background-type":"","background-media":"","overlay-type":"","overlay-color":"","overlay-opacity":"","overlay-gradient":""},"tablet":{"background-color":"","background-image":"","background-repeat":"repeat","background-position":"center center","background-size":"auto","background-attachment":"scroll","background-type":"","background-media":"","overlay-type":"","overlay-color":"","overlay-opacity":"","overlay-gradient":""},"mobile":{"background-color":"","background-image":"","background-repeat":"repeat","background-position":"center center","background-size":"auto","background-attachment":"scroll","background-type":"","background-media":"","overlay-type":"","overlay-color":"","overlay-opacity":"","overlay-gradient":""}},"ast-content-background-meta":{"desktop":{"background-color":"var(--ast-global-color-5)","background-image":"","background-repeat":"repeat","background-position":"center center","background-size":"auto","background-attachment":"scroll","background-type":"","background-media":"","overlay-type":"","overlay-color":"","overlay-opacity":"","overlay-gradient":""},"tablet":{"background-color":"var(--ast-global-color-5)","background-image":"","background-repeat":"repeat","background-position":"center center","background-size":"auto","background-attachment":"scroll","background-type":"","background-media":"","overlay-type":"","overlay-color":"","overlay-opacity":"","overlay-gradient":""},"mobile":{"background-color":"var(--ast-global-color-5)","background-image":"","background-repeat":"repeat","background-position":"center center","background-size":"auto","background-attachment":"scroll","background-type":"","background-media":"","overlay-type":"","overlay-color":"","overlay-opacity":"","overlay-gradient":""}},"footnotes":""},"class_list":["post-269","page","type-page","status-publish","has-post-thumbnail","hentry"],"yoast_head":"<!-- This site is optimized with the Yoast SEO plugin v27.1.1 - https:\/\/yoast.com\/product\/yoast-seo-wordpress\/ -->\n<title>Impressum - Beratung und Hilfe<\/title>\n<meta name=\"description\" content=\"Praxis f\u00fcr Lebens- und Sozialberatung (mit Mal- und Gestaltungstherapeutischen Methoden in Ausbildung unter Supervision) DSA Sibylle Lamatsch 22., Moissigasse 17\/3 Mobil: +43 677 647 547 68 geistesgegenwart.at\" \/>\n<meta name=\"robots\" content=\"index, follow, max-snippet:-1, max-image-preview:large, max-video-preview:-1\" \/>\n<link rel=\"canonical\" href=\"https:\/\/www.geistesgegenwart.at\/index.php\/impressum\/\" \/>\n<meta property=\"og:locale\" content=\"de_DE\" \/>\n<meta property=\"og:type\" content=\"article\" \/>\n<meta property=\"og:title\" content=\"Impressum - Beratung und Hilfe\" \/>\n<meta property=\"og:description\" content=\"Praxis f\u00fcr Lebens- und Sozialberatung (mit Mal- und Gestaltungstherapeutischen Methoden in Ausbildung unter Supervision) DSA Sibylle Lamatsch 22., Moissigasse 17\/3 Mobil: +43 677 647 547 68 geistesgegenwart.at\" \/>\n<meta property=\"og:url\" content=\"https:\/\/www.geistesgegenwart.at\/index.php\/impressum\/\" \/>\n<meta property=\"og:site_name\" content=\"Beratung und Hilfe\" \/>\n<meta property=\"article:publisher\" content=\"https:\/\/www.facebook.com\/Sibylle.Lamatsch\/\" \/>\n<meta property=\"article:modified_time\" content=\"2025-04-07T06:10:37+00:00\" \/>\n<meta property=\"og:image\" content=\"https:\/\/www.geistesgegenwart.at\/wp-content\/uploads\/2024\/03\/cropped-Black-Ivory-Minimalist-Handwritten-Wedding-Photography-Circle-Logo.png\" \/>\n\t<meta property=\"og:image:width\" content=\"512\" \/>\n\t<meta property=\"og:image:height\" content=\"512\" \/>\n\t<meta property=\"og:image:type\" content=\"image\/png\" \/>\n<meta name=\"twitter:card\" content=\"summary_large_image\" \/>\n<meta name=\"twitter:label1\" content=\"Gesch\u00e4tzte Lesezeit\" \/>\n\t<meta name=\"twitter:data1\" content=\"2 Minuten\" \/>\n<script type=\"application\/ld+json\" class=\"yoast-schema-graph\">{\"@context\":\"https:\/\/schema.org\",\"@graph\":[{\"@type\":\"WebPage\",\"@id\":\"https:\/\/www.geistesgegenwart.at\/index.php\/impressum\/\",\"url\":\"https:\/\/www.geistesgegenwart.at\/index.php\/impressum\/\",\"name\":\"Impressum - Beratung und Hilfe\",\"isPartOf\":{\"@id\":\"https:\/\/www.geistesgegenwart.at\/#website\"},\"primaryImageOfPage\":{\"@id\":\"https:\/\/www.geistesgegenwart.at\/index.php\/impressum\/#primaryimage\"},\"image\":{\"@id\":\"https:\/\/www.geistesgegenwart.at\/index.php\/impressum\/#primaryimage\"},\"thumbnailUrl\":\"https:\/\/www.geistesgegenwart.at\/wp-content\/uploads\/2024\/03\/cropped-Black-Ivory-Minimalist-Handwritten-Wedding-Photography-Circle-Logo.png\",\"datePublished\":\"2024-03-29T07:30:20+00:00\",\"dateModified\":\"2025-04-07T06:10:37+00:00\",\"description\":\"Praxis f\u00fcr Lebens- und Sozialberatung (mit Mal- und Gestaltungstherapeutischen Methoden in Ausbildung unter Supervision) DSA Sibylle Lamatsch 22., Moissigasse 17\/3 Mobil: +43 677 647 547 68 geistesgegenwart.at\",\"breadcrumb\":{\"@id\":\"https:\/\/www.geistesgegenwart.at\/index.php\/impressum\/#breadcrumb\"},\"inLanguage\":\"de-AT\",\"potentialAction\":[{\"@type\":\"ReadAction\",\"target\":[\"https:\/\/www.geistesgegenwart.at\/index.php\/impressum\/\"]}]},{\"@type\":\"ImageObject\",\"inLanguage\":\"de-AT\",\"@id\":\"https:\/\/www.geistesgegenwart.at\/index.php\/impressum\/#primaryimage\",\"url\":\"https:\/\/www.geistesgegenwart.at\/wp-content\/uploads\/2024\/03\/cropped-Black-Ivory-Minimalist-Handwritten-Wedding-Photography-Circle-Logo.png\",\"contentUrl\":\"https:\/\/www.geistesgegenwart.at\/wp-content\/uploads\/2024\/03\/cropped-Black-Ivory-Minimalist-Handwritten-Wedding-Photography-Circle-Logo.png\",\"width\":512,\"height\":512,\"caption\":\"Spirallogo mit Farben in Blau, Gelb, Gr\u00fcn und Schwarz gemalt. Alles wirkt etwas T\u00fcrkis geistesgegenwart sibylle lamatsch\"},{\"@type\":\"BreadcrumbList\",\"@id\":\"https:\/\/www.geistesgegenwart.at\/index.php\/impressum\/#breadcrumb\",\"itemListElement\":[{\"@type\":\"ListItem\",\"position\":1,\"name\":\"Startseite\",\"item\":\"https:\/\/www.geistesgegenwart.at\/\"},{\"@type\":\"ListItem\",\"position\":2,\"name\":\"Impressum\"}]},{\"@type\":\"WebSite\",\"@id\":\"https:\/\/www.geistesgegenwart.at\/#website\",\"url\":\"https:\/\/www.geistesgegenwart.at\/\",\"name\":\"Beratung und Hilfe\",\"description\":\"Mal- und Gestaltungstherapie\",\"publisher\":{\"@id\":\"https:\/\/www.geistesgegenwart.at\/#\/schema\/person\/5f67905057f2021d8cf31fcca7dd231f\"},\"potentialAction\":[{\"@type\":\"SearchAction\",\"target\":{\"@type\":\"EntryPoint\",\"urlTemplate\":\"https:\/\/www.geistesgegenwart.at\/?s={search_term_string}\"},\"query-input\":{\"@type\":\"PropertyValueSpecification\",\"valueRequired\":true,\"valueName\":\"search_term_string\"}}],\"inLanguage\":\"de-AT\"},{\"@type\":[\"Person\",\"Organization\"],\"@id\":\"https:\/\/www.geistesgegenwart.at\/#\/schema\/person\/5f67905057f2021d8cf31fcca7dd231f\",\"name\":\"sibylle\",\"image\":{\"@type\":\"ImageObject\",\"inLanguage\":\"de-AT\",\"@id\":\"https:\/\/www.geistesgegenwart.at\/#\/schema\/person\/image\/\",\"url\":\"https:\/\/www.geistesgegenwart.at\/wp-content\/uploads\/2024\/03\/cropped-Black-Ivory-Minimalist-Handwritten-Wedding-Photography-Circle-Logo.png\",\"contentUrl\":\"https:\/\/www.geistesgegenwart.at\/wp-content\/uploads\/2024\/03\/cropped-Black-Ivory-Minimalist-Handwritten-Wedding-Photography-Circle-Logo.png\",\"width\":512,\"height\":512,\"caption\":\"sibylle\"},\"logo\":{\"@id\":\"https:\/\/www.geistesgegenwart.at\/#\/schema\/person\/image\/\"},\"sameAs\":[\"https:\/\/www.geistesgegenwart.at\",\"https:\/\/www.facebook.com\/Sibylle.Lamatsch\/\",\"https:\/\/www.instagram.com\/sibyllelamatsch\/\",\"https:\/\/www.linkedin.com\/in\/sibylle-lamatsch-a8011327a\/\",\"https:\/\/www.youtube.com\/@geistesgegenwart-sl\"]}]}<\/script>\n<!-- \/ Yoast SEO plugin. -->","yoast_head_json":{"title":"Impressum - Beratung und Hilfe","description":"Praxis f\u00fcr Lebens- und Sozialberatung (mit Mal- und Gestaltungstherapeutischen Methoden in Ausbildung unter Supervision) DSA Sibylle Lamatsch 22., Moissigasse 17\/3 Mobil: +43 677 647 547 68 geistesgegenwart.at","robots":{"index":"index","follow":"follow","max-snippet":"max-snippet:-1","max-image-preview":"max-image-preview:large","max-video-preview":"max-video-preview:-1"},"canonical":"https:\/\/www.geistesgegenwart.at\/index.php\/impressum\/","og_locale":"de_DE","og_type":"article","og_title":"Impressum - Beratung und Hilfe","og_description":"Praxis f\u00fcr Lebens- und Sozialberatung (mit Mal- und Gestaltungstherapeutischen Methoden in Ausbildung unter Supervision) DSA Sibylle Lamatsch 22., Moissigasse 17\/3 Mobil: +43 677 647 547 68 geistesgegenwart.at","og_url":"https:\/\/www.geistesgegenwart.at\/index.php\/impressum\/","og_site_name":"Beratung und Hilfe","article_publisher":"https:\/\/www.facebook.com\/Sibylle.Lamatsch\/","article_modified_time":"2025-04-07T06:10:37+00:00","og_image":[{"width":512,"height":512,"url":"https:\/\/www.geistesgegenwart.at\/wp-content\/uploads\/2024\/03\/cropped-Black-Ivory-Minimalist-Handwritten-Wedding-Photography-Circle-Logo.png","type":"image\/png"}],"twitter_card":"summary_large_image","twitter_misc":{"Gesch\u00e4tzte Lesezeit":"2 Minuten"},"schema":{"@context":"https:\/\/schema.org","@graph":[{"@type":"WebPage","@id":"https:\/\/www.geistesgegenwart.at\/index.php\/impressum\/","url":"https:\/\/www.geistesgegenwart.at\/index.php\/impressum\/","name":"Impressum - Beratung und Hilfe","isPartOf":{"@id":"https:\/\/www.geistesgegenwart.at\/#website"},"primaryImageOfPage":{"@id":"https:\/\/www.geistesgegenwart.at\/index.php\/impressum\/#primaryimage"},"image":{"@id":"https:\/\/www.geistesgegenwart.at\/index.php\/impressum\/#primaryimage"},"thumbnailUrl":"https:\/\/www.geistesgegenwart.at\/wp-content\/uploads\/2024\/03\/cropped-Black-Ivory-Minimalist-Handwritten-Wedding-Photography-Circle-Logo.png","datePublished":"2024-03-29T07:30:20+00:00","dateModified":"2025-04-07T06:10:37+00:00","description":"Praxis f\u00fcr Lebens- und Sozialberatung (mit Mal- und Gestaltungstherapeutischen Methoden in Ausbildung unter Supervision) DSA Sibylle Lamatsch 22., Moissigasse 17\/3 Mobil: +43 677 647 547 68 geistesgegenwart.at","breadcrumb":{"@id":"https:\/\/www.geistesgegenwart.at\/index.php\/impressum\/#breadcrumb"},"inLanguage":"de-AT","potentialAction":[{"@type":"ReadAction","target":["https:\/\/www.geistesgegenwart.at\/index.php\/impressum\/"]}]},{"@type":"ImageObject","inLanguage":"de-AT","@id":"https:\/\/www.geistesgegenwart.at\/index.php\/impressum\/#primaryimage","url":"https:\/\/www.geistesgegenwart.at\/wp-content\/uploads\/2024\/03\/cropped-Black-Ivory-Minimalist-Handwritten-Wedding-Photography-Circle-Logo.png","contentUrl":"https:\/\/www.geistesgegenwart.at\/wp-content\/uploads\/2024\/03\/cropped-Black-Ivory-Minimalist-Handwritten-Wedding-Photography-Circle-Logo.png","width":512,"height":512,"caption":"Spirallogo mit Farben in Blau, Gelb, Gr\u00fcn und Schwarz gemalt. Alles wirkt etwas T\u00fcrkis geistesgegenwart sibylle lamatsch"},{"@type":"BreadcrumbList","@id":"https:\/\/www.geistesgegenwart.at\/index.php\/impressum\/#breadcrumb","itemListElement":[{"@type":"ListItem","position":1,"name":"Startseite","item":"https:\/\/www.geistesgegenwart.at\/"},{"@type":"ListItem","position":2,"name":"Impressum"}]},{"@type":"WebSite","@id":"https:\/\/www.geistesgegenwart.at\/#website","url":"https:\/\/www.geistesgegenwart.at\/","name":"Beratung und Hilfe","description":"Mal- und Gestaltungstherapie","publisher":{"@id":"https:\/\/www.geistesgegenwart.at\/#\/schema\/person\/5f67905057f2021d8cf31fcca7dd231f"},"potentialAction":[{"@type":"SearchAction","target":{"@type":"EntryPoint","urlTemplate":"https:\/\/www.geistesgegenwart.at\/?s={search_term_string}"},"query-input":{"@type":"PropertyValueSpecification","valueRequired":true,"valueName":"search_term_string"}}],"inLanguage":"de-AT"},{"@type":["Person","Organization"],"@id":"https:\/\/www.geistesgegenwart.at\/#\/schema\/person\/5f67905057f2021d8cf31fcca7dd231f","name":"sibylle","image":{"@type":"ImageObject","inLanguage":"de-AT","@id":"https:\/\/www.geistesgegenwart.at\/#\/schema\/person\/image\/","url":"https:\/\/www.geistesgegenwart.at\/wp-content\/uploads\/2024\/03\/cropped-Black-Ivory-Minimalist-Handwritten-Wedding-Photography-Circle-Logo.png","contentUrl":"https:\/\/www.geistesgegenwart.at\/wp-content\/uploads\/2024\/03\/cropped-Black-Ivory-Minimalist-Handwritten-Wedding-Photography-Circle-Logo.png","width":512,"height":512,"caption":"sibylle"},"logo":{"@id":"https:\/\/www.geistesgegenwart.at\/#\/schema\/person\/image\/"},"sameAs":["https:\/\/www.geistesgegenwart.at","https:\/\/www.facebook.com\/Sibylle.Lamatsch\/","https:\/\/www.instagram.com\/sibyllelamatsch\/","https:\/\/www.linkedin.com\/in\/sibylle-lamatsch-a8011327a\/","https:\/\/www.youtube.com\/@geistesgegenwart-sl"]}]}},"_links":{"self":[{"href":"https:\/\/www.geistesgegenwart.at\/index.php\/wp-json\/wp\/v2\/pages\/269","targetHints":{"allow":["GET"]}}],"collection":[{"href":"https:\/\/www.geistesgegenwart.at\/index.php\/wp-json\/wp\/v2\/pages"}],"about":[{"href":"https:\/\/www.geistesgegenwart.at\/index.php\/wp-json\/wp\/v2\/types\/page"}],"author":[{"embeddable":true,"href":"https:\/\/www.geistesgegenwart.at\/index.php\/wp-json\/wp\/v2\/users\/2"}],"replies":[{"embeddable":true,"href":"https:\/\/www.geistesgegenwart.at\/index.php\/wp-json\/wp\/v2\/comments?post=269"}],"version-history":[{"count":16,"href":"https:\/\/www.geistesgegenwart.at\/index.php\/wp-json\/wp\/v2\/pages\/269\/revisions"}],"predecessor-version":[{"id":996,"href":"https:\/\/www.geistesgegenwart.at\/index.php\/wp-json\/wp\/v2\/pages\/269\/revisions\/996"}],"wp:featuredmedia":[{"embeddable":true,"href":"https:\/\/www.geistesgegenwart.at\/index.php\/wp-json\/wp\/v2\/media\/340"}],"wp:attachment":[{"href":"https:\/\/www.geistesgegenwart.at\/index.php\/wp-json\/wp\/v2\/media?parent=269"}],"curies":[{"name":"wp","href":"https:\/\/api.w.org\/{rel}","templated":true}]}}